{"id":112213,"date":"2023-04-19T01:41:37","date_gmt":"2023-04-19T01:41:37","guid":{"rendered":"https:\/\/reinickeostria.com\/?page_id=112213"},"modified":"2023-05-22T10:32:53","modified_gmt":"2023-05-22T14:32:53","slug":"nosotros","status":"publish","type":"page","link":"https:\/\/reinickeostria.com\/en\/nosotros\/","title":{"rendered":"Us"},"content":{"rendered":"<p>[et_pb_section fb_built=\u00bb1&#8243; disabled_on=\u00bboff|off|off\u00bb admin_label=\u00bbHeader Section\u00bb _builder_version=\u00bb4.17.4&#8243; background_image=\u00bbhttps:\/\/reinickeostria.com\/wp-content\/uploads\/2023\/04\/slide-about-us.jpg\u00bb custom_margin=\u00bb|||\u00bb custom_padding=\u00bb22vw|0px|16vw|0px|false|false\u00bb bottom_divider_color=\u00bbrgba(5,41,66,0.3)\u00bb bottom_divider_height=\u00bb50%\u00bb animation_style=\u00bbslide\u00bb animation_direction=\u00bbtop\u00bb animation_intensity_slide=\u00bb4%\u00bb animation_starting_opacity=\u00bb100%\u00bb locked=\u00bboff\u00bb global_colors_info=\u00bb{}\u00bb][\/et_pb_section][et_pb_section fb_built=\u00bb1&#8243; _builder_version=\u00bb4.17.4&#8243; _module_preset=\u00bbdefault\u00bb custom_padding=\u00bb||80px||false|false\u00bb global_colors_info=\u00bb{}\u00bb][et_pb_row _builder_version=\u00bb4.17.4&#8243; _module_preset=\u00bbdefault\u00bb custom_padding=\u00bb||80px||false|false\u00bb global_colors_info=\u00bb{}\u00bb][et_pb_column type=\u00bb4_4&#8243; _builder_version=\u00bb4.17.4&#8243; _module_preset=\u00bbdefault\u00bb global_colors_info=\u00bb{}\u00bb][et_pb_text _builder_version=\u00bb4.17.4&#8243; _module_preset=\u00bbdefault\u00bb header_2_font=\u00bbCampton|||on|||||\u00bb header_2_text_align=\u00bbcenter\u00bb header_2_text_color=\u00bb#a09993&#8243; header_2_letter_spacing=\u00bb5px\u00bb custom_margin=\u00bb||||false|false\u00bb custom_padding=\u00bb||||false|false\u00bb header_2_font_size_tablet=\u00bb\u00bb header_2_font_size_phone=\u00bb20px\u00bb header_2_font_size_last_edited=\u00bbon|tablet\u00bb locked=\u00bboff\u00bb global_colors_info=\u00bb{}\u00bb]<\/p>\n<h2>About the firm<\/h2>\n<p>[\/et_pb_text][et_pb_text _builder_version=\u00bb4.17.4&#8243; text_font=\u00bb||||||||\u00bb header_font=\u00bb||||||||\u00bb header_2_font=\u00bbAdieuBold|||on|||||\u00bb header_2_text_align=\u00bbcenter\u00bb header_2_text_color=\u00bb#1a1732&#8243; header_2_font_size=\u00bb4vw\u00bb header_2_line_height=\u00bb1.2em\u00bb custom_margin=\u00bb||20px|\u00bb custom_padding=\u00bb|||\u00bb custom_padding_tablet=\u00bb0px|10%||70px\u00bb custom_padding_phone=\u00bb0px|10%||50px\u00bb custom_padding_last_edited=\u00bboff|desktop\u00bb header_2_font_size_tablet=\u00bb35px\u00bb header_2_font_size_phone=\u00bb35px\u00bb header_2_font_size_last_edited=\u00bbon|phone\u00bb header_2_line_height_tablet=\u00bb1em\u00bb header_2_line_height_phone=\u00bb1.4em\u00bb header_2_line_height_last_edited=\u00bboff|desktop\u00bb locked=\u00bboff\u00bb global_colors_info=\u00bb{}\u00bb]<\/p>\n<h2>Reinicke Ostria<br \/>Law firm S. R. L.<\/h2>\n<p>[\/et_pb_text][et_pb_divider color=\u00bb#e22127&#8243; divider_weight=\u00bb2px\u00bb _builder_version=\u00bb4.17.4&#8243; _module_preset=\u00bbdefault\u00bb width=\u00bb70px\u00bb width_tablet=\u00bb69px\u00bb width_phone=\u00bb70px\u00bb width_last_edited=\u00bbon|phone\u00bb module_alignment=\u00bbcenter\u00bb custom_margin=\u00bb||||false|false\u00bb custom_padding=\u00bb25px||||false|false\u00bb locked=\u00bboff\u00bb global_colors_info=\u00bb{}\u00bb][\/et_pb_divider][\/et_pb_column][\/et_pb_row][et_pb_row _builder_version=\u00bb4.17.4&#8243; _module_preset=\u00bbdefault\u00bb custom_padding=\u00bb||80px||false|false\u00bb global_colors_info=\u00bb{}\u00bb][et_pb_column type=\u00bb4_4&#8243; _builder_version=\u00bb4.17.4&#8243; _module_preset=\u00bbdefault\u00bb global_colors_info=\u00bb{}\u00bb][et_pb_text _builder_version=\u00bb4.17.4&#8243; _module_preset=\u00bbdefault\u00bb header_2_font=\u00bbCampton|||on|||||\u00bb header_2_text_align=\u00bbcenter\u00bb header_2_text_color=\u00bb#a09993&#8243; header_2_letter_spacing=\u00bb5px\u00bb custom_margin=\u00bb||||false|false\u00bb custom_padding=\u00bb||||false|false\u00bb header_2_font_size_tablet=\u00bb\u00bb header_2_font_size_phone=\u00bb20px\u00bb header_2_font_size_last_edited=\u00bbon|phone\u00bb locked=\u00bboff\u00bb global_colors_info=\u00bb{}\u00bb]<\/p>\n<h2>Know our history<\/h2>\n<p>[\/et_pb_text][et_pb_text _builder_version=\u00bb4.17.4&#8243; _module_preset=\u00bbdefault\u00bb header_3_font=\u00bbAdieuBold|||on|||||\u00bb header_3_text_align=\u00bbcenter\u00bb header_3_text_color=\u00bb#e22127&#8243; header_3_font_size=\u00bb35px\u00bb header_3_line_height=\u00bb1.3em\u00bb header_3_font_size_tablet=\u00bb35px\u00bb header_3_font_size_phone=\u00bb25px\u00bb header_3_font_size_last_edited=\u00bbon|phone\u00bb global_colors_info=\u00bb{}\u00bb]<\/p>\n<h3>Who<br \/>We are<\/h3>\n<p>[\/et_pb_text][et_pb_text _builder_version=\u00bb4.17.4&#8243; _module_preset=\u00bbdefault\u00bb text_font=\u00bbSuisseNEW||||||||\u00bb text_text_color=\u00bb#1a1732&#8243; text_font_size=\u00bb16px\u00bb text_orientation=\u00bbjustified\u00bb text_orientation_tablet=\u00bbjustified\u00bb text_orientation_phone=\u00bbleft\u00bb text_orientation_last_edited=\u00bbon|phone\u00bb global_colors_info=\u00bb{}\u00bb]<\/p>\n<p>REINICKE OSTRIA \u2013 law firm S. R. L. is the study of lawyers to be more innovative in building long-term relationships with the customers on the basis of reciprocity, trust and highest standards of professional ethics. Through the adoption of new models for the provision of legal services, we strive to redefine the role that a Signature play in an international market pop-up, with the order to produce results truly exceptional for our customers. Our approach does not wait for others to act, but forces others to react to what we are doing for our customers. We are the team working for clients in deep problems that need a law Firm that is touching the ground running and pose with passion and tenacity.<\/p>\n<p>[\/et_pb_text][\/et_pb_column][\/et_pb_row][et_pb_row _builder_version=\u00bb4.17.4&#8243; _module_preset=\u00bbdefault\u00bb custom_padding=\u00bb||80px||false|false\u00bb global_colors_info=\u00bb{}\u00bb][et_pb_column type=\u00bb4_4&#8243; _builder_version=\u00bb4.17.4&#8243; _module_preset=\u00bbdefault\u00bb global_colors_info=\u00bb{}\u00bb][et_pb_text _builder_version=\u00bb4.17.4&#8243; _module_preset=\u00bbdefault\u00bb header_2_font=\u00bbCampton|||on|||||\u00bb header_2_text_align=\u00bbcenter\u00bb header_2_text_color=\u00bb#a09993&#8243; header_2_letter_spacing=\u00bb5px\u00bb custom_margin=\u00bb||||false|false\u00bb custom_padding=\u00bb||||false|false\u00bb header_2_font_size_tablet=\u00bb\u00bb header_2_font_size_phone=\u00bb20px\u00bb header_2_font_size_last_edited=\u00bbon|phone\u00bb locked=\u00bboff\u00bb global_colors_info=\u00bb{}\u00bb]<\/p>\n<h2>WHAT MAKES US DIFFERENT<\/h2>\n<p>[\/et_pb_text][et_pb_text _builder_version=\u00bb4.17.4&#8243; _module_preset=\u00bbdefault\u00bb header_3_font=\u00bbAdieuBold|||on|||||\u00bb header_3_text_align=\u00bbcenter\u00bb header_3_text_color=\u00bb#e22127&#8243; header_3_font_size=\u00bb35px\u00bb header_3_line_height=\u00bb1.3em\u00bb header_3_font_size_tablet=\u00bb35px\u00bb header_3_font_size_phone=\u00bb25px\u00bb header_3_font_size_last_edited=\u00bbon|phone\u00bb global_colors_info=\u00bb{}\u00bb]<\/p>\n<h3>Excellence<br \/>Legal<\/h3>\n<p>[\/et_pb_text][et_pb_text _builder_version=\u00bb4.17.4&#8243; _module_preset=\u00bbdefault\u00bb text_font=\u00bbSuisseNEW||||||||\u00bb text_text_color=\u00bb#1a1732&#8243; text_font_size=\u00bb16px\u00bb text_orientation=\u00bbjustified\u00bb text_orientation_tablet=\u00bbjustified\u00bb text_orientation_phone=\u00bbleft\u00bb text_orientation_last_edited=\u00bbon|phone\u00bb global_colors_info=\u00bb{}\u00bb]<\/p>\n<p>Founded in 2000, REINICKE OSTRIA \u2013 law firm S. R. L. was founded with the goal of providing legal excellence offering high levels of quality and efficiency in each and every one of the legal issues that we address. Since our inception, we contribute to the business success of our customers, many national and international level, creating a true meritocracy corporate devoted to continuous innovation in the practice of law. The only measures of our success are the concrete results and the satisfaction of our customers.<\/p>\n<p>Our priority for excellence is to build long-term relationships with the customers on the basis of reciprocity, trust and highest standards of professional ethics. Through the adoption of new models for the provision of legal services, we strive to redefine the role that a Signature play in an international market pop-up, with the order to produce results truly exceptional for our customers. The focus of our practice is to develop, as soon as possible, a solid strategic understanding of the circumstances of each client. We have built a reputation for being aggressive and creative in the name of our diverse clients in all areas.<\/p>\n<p>[\/et_pb_text][\/et_pb_column][\/et_pb_row][et_pb_row _builder_version=\u00bb4.17.4&#8243; _module_preset=\u00bbdefault\u00bb custom_padding=\u00bb||80px||false|false\u00bb global_colors_info=\u00bb{}\u00bb][et_pb_column type=\u00bb4_4&#8243; _builder_version=\u00bb4.17.4&#8243; _module_preset=\u00bbdefault\u00bb global_colors_info=\u00bb{}\u00bb][et_pb_text _builder_version=\u00bb4.17.4&#8243; _module_preset=\u00bbdefault\u00bb header_2_font=\u00bbCampton|||on|||||\u00bb header_2_text_align=\u00bbcenter\u00bb header_2_text_color=\u00bb#a09993&#8243; header_2_letter_spacing=\u00bb5px\u00bb custom_margin=\u00bb||||false|false\u00bb custom_padding=\u00bb||||false|false\u00bb header_2_font_size_tablet=\u00bb\u00bb header_2_font_size_phone=\u00bb20px\u00bb header_2_font_size_last_edited=\u00bbon|phone\u00bb locked=\u00bboff\u00bb global_colors_info=\u00bb{}\u00bb]<\/p>\n<h2>A FIRM THAT BELIEVES IN THE<\/h2>\n<p>[\/et_pb_text][et_pb_text _builder_version=\u00bb4.17.4&#8243; _module_preset=\u00bbdefault\u00bb header_3_font=\u00bbAdieuBold|||on|||||\u00bb header_3_text_align=\u00bbcenter\u00bb header_3_text_color=\u00bb#e22127&#8243; header_3_font_size=\u00bb35px\u00bb header_3_line_height=\u00bb1.3em\u00bb header_3_font_size_tablet=\u00bb35px\u00bb header_3_font_size_phone=\u00bb25px\u00bb header_3_font_size_last_edited=\u00bbon|phone\u00bb global_colors_info=\u00bb{}\u00bb]<\/p>\n<h3>Diversity<br \/>and Inclusion<\/h3>\n<p>[\/et_pb_text][et_pb_text _builder_version=\u00bb4.17.4&#8243; _module_preset=\u00bbdefault\u00bb text_font=\u00bbSuisseNEW||||||||\u00bb text_text_color=\u00bb#1a1732&#8243; text_font_size=\u00bb16px\u00bb text_orientation=\u00bbjustified\u00bb text_orientation_tablet=\u00bbjustified\u00bb text_orientation_phone=\u00bbleft\u00bb text_orientation_last_edited=\u00bbon|phone\u00bb global_colors_info=\u00bb{}\u00bb]La visi\u00f3n de la empresa de ser un disruptor del mercado orienta nuestro enfoque en la b\u00fasqueda constante de abogados talentosos, empresariales y profesionales multidisciplinarios que son pensadores creativos. Nuestro equipo de profesionales cuenta con maestr\u00edas y estudios superiores en las m\u00e1s renombradas y prestigiosas universidades a nivel mundial, entre ellas la universidad de HARVARD y la universidad de GEORGETOWN. Esta mezcla de personas excepcionalmente capacitadas y experimentadas, junto con un profundo conocimiento de las escenas regionales de negocios, legales y pol\u00edticas, nos coloca en una posici\u00f3n \u00fanica para atender mejor los problemas m\u00e1s exigentes de nuestros clientes y las controversias cr\u00edticas.[\/et_pb_text][\/et_pb_column][\/et_pb_row][\/et_pb_section]<\/p>","protected":false},"excerpt":{"rendered":"<p>Sobre la firmaReinicke OstriaEstudio de Abogados S.R.L.Conoce nuestra historiaQui\u00e9nesSomosREINICKE OSTRIA &#8211; ESTUDIO DE ABOGADOS S.R.L. es el estudio de abogados m\u00e1s innovador en la construcci\u00f3n de relaciones a largo plazo con los clientes sobre la base de la reciprocidad, la confianza y los m\u00e1s altos est\u00e1ndares de \u00e9tica profesional. Mediante la adopci\u00f3n de nuevos modelos [&hellip;]<\/p>","protected":false},"author":1,"featured_media":0,"parent":0,"menu_order":0,"comment_status":"closed","ping_status":"closed","template":"","meta":{"_et_pb_use_builder":"on","_et_pb_old_content":"<!-- wp:divi\/placeholder \/-->","_et_gb_content_width":"","footnotes":""},"wf_page_folders":[9],"class_list":["post-112213","page","type-page","status-publish","hentry"],"_links":{"self":[{"href":"https:\/\/reinickeostria.com\/en\/wp-json\/wp\/v2\/pages\/112213","targetHints":{"allow":["GET"]}}],"collection":[{"href":"https:\/\/reinickeostria.com\/en\/wp-json\/wp\/v2\/pages"}],"about":[{"href":"https:\/\/reinickeostria.com\/en\/wp-json\/wp\/v2\/types\/page"}],"author":[{"embeddable":true,"href":"https:\/\/reinickeostria.com\/en\/wp-json\/wp\/v2\/users\/1"}],"replies":[{"embeddable":true,"href":"https:\/\/reinickeostria.com\/en\/wp-json\/wp\/v2\/comments?post=112213"}],"version-history":[{"count":6,"href":"https:\/\/reinickeostria.com\/en\/wp-json\/wp\/v2\/pages\/112213\/revisions"}],"predecessor-version":[{"id":113192,"href":"https:\/\/reinickeostria.com\/en\/wp-json\/wp\/v2\/pages\/112213\/revisions\/113192"}],"wp:attachment":[{"href":"https:\/\/reinickeostria.com\/en\/wp-json\/wp\/v2\/media?parent=112213"}],"wp:term":[{"taxonomy":"wf_page_folders","embeddable":true,"href":"https:\/\/reinickeostria.com\/en\/wp-json\/wp\/v2\/wf_page_folders?post=112213"}],"curies":[{"name":"wp","href":"https:\/\/api.w.org\/{rel}","templated":true}]}}