{"id":112217,"date":"2023-04-19T01:42:08","date_gmt":"2023-04-19T01:42:08","guid":{"rendered":"https:\/\/reinickeostria.com\/?page_id=112217"},"modified":"2023-05-26T22:38:52","modified_gmt":"2023-05-27T02:38:52","slug":"contacto","status":"publish","type":"page","link":"https:\/\/reinickeostria.com\/en\/contacto\/","title":{"rendered":"Contact"},"content":{"rendered":"<p>[et_pb_section fb_built=\u00bb1&#8243; disabled_on=\u00bboff|off|off\u00bb admin_label=\u00bbHeader Section\u00bb _builder_version=\u00bb4.20.4&#8243; background_image=\u00bbhttps:\/\/reinickeostria.com\/wp-content\/uploads\/2023\/04\/slide-contact.jpg\u00bb custom_margin=\u00bb|||\u00bb custom_padding=\u00bb16vw|0px|16vw|0px\u00bb bottom_divider_color=\u00bbrgba(5,41,66,0.3)\u00bb bottom_divider_height=\u00bb50%\u00bb animation_style=\u00bbslide\u00bb animation_direction=\u00bbtop\u00bb animation_intensity_slide=\u00bb4%\u00bb animation_starting_opacity=\u00bb100%\u00bb locked=\u00bboff\u00bb global_colors_info=\u00bb{}\u00bb][et_pb_row disabled_on=\u00bboff|off|off\u00bb admin_label=\u00bbHeader Row\u00bb module_class=\u00bb et_pb_row_fullwidth\u00bb _builder_version=\u00bb4.20.4&#8243; width=\u00bb89%\u00bb width_tablet=\u00bb80%\u00bb width_phone=\u00bb80%\u00bb width_last_edited=\u00bbon|desktop\u00bb max_width=\u00bb89%\u00bb max_width_tablet=\u00bb80%\u00bb max_width_phone=\u00bb80%\u00bb max_width_last_edited=\u00bbon|desktop\u00bb custom_padding=\u00bb|||\u00bb animation_style=\u00bbzoom\u00bb animation_intensity_zoom=\u00bb8%\u00bb make_fullwidth=\u00bbon\u00bb global_colors_info=\u00bb{}\u00bb][et_pb_column type=\u00bb4_4&#8243; _builder_version=\u00bb4.16&#8243; custom_padding=\u00bb|||\u00bb global_colors_info=\u00bb{}\u00bb custom_padding__hover=\u00bb|||\u00bb][et_pb_text admin_label=\u00bbPage Heading &#038; Subhead\u00bb _builder_version=\u00bb4.17.4&#8243; text_font=\u00bbMontserrat||||||||\u00bb text_font_size=\u00bb22px\u00bb text_line_height=\u00bb1.8em\u00bb header_font=\u00bbMontserrat|600||on|||||\u00bb header_text_align=\u00bbcenter\u00bb header_font_size=\u00bb8vw\u00bb header_line_height=\u00bb1.5em\u00bb header_2_font=\u00bbCampton|||on|||||\u00bb header_2_text_align=\u00bbleft\u00bb header_2_text_color=\u00bb#928d89&#8243; header_2_letter_spacing=\u00bb5px\u00bb text_orientation=\u00bbcenter\u00bb background_layout=\u00bbdark\u00bb custom_margin=\u00bb|||\u00bb custom_padding_tablet=\u00bb\u00bb custom_padding_phone=\u00bb60px||||false|false\u00bb custom_padding_last_edited=\u00bbon|phone\u00bb header_font_size_tablet=\u00bb50px\u00bb header_font_size_phone=\u00bb\u00bb header_font_size_last_edited=\u00bbon|desktop\u00bb header_line_height_tablet=\u00bb1.1em\u00bb header_line_height_phone=\u00bb1.2em\u00bb header_line_height_last_edited=\u00bboff|desktop\u00bb header_2_font_size_tablet=\u00bb\u00bb header_2_font_size_phone=\u00bb20px\u00bb header_2_font_size_last_edited=\u00bbon|phone\u00bb global_colors_info=\u00bb{}\u00bb]<\/p>\n<h2>Our<\/h2>\n<p>[\/et_pb_text][et_pb_text admin_label=\u00bbPage Heading &#038; Subhead\u00bb _builder_version=\u00bb4.17.4&#8243; text_font=\u00bbMontserrat||||||||\u00bb text_font_size=\u00bb22px\u00bb text_line_height=\u00bb1.8em\u00bb header_font=\u00bbAdieuBold|600||on|||||\u00bb header_text_align=\u00bbleft\u00bb header_font_size=\u00bb4vw\u00bb header_line_height=\u00bb1.2em\u00bb text_orientation=\u00bbcenter\u00bb background_layout=\u00bbdark\u00bb custom_margin=\u00bb|||\u00bb header_font_size_tablet=\u00bb50px\u00bb header_font_size_phone=\u00bb40px\u00bb header_font_size_last_edited=\u00bbon|desktop\u00bb header_line_height_tablet=\u00bb1.1em\u00bb header_line_height_phone=\u00bb1.2em\u00bb header_line_height_last_edited=\u00bboff|desktop\u00bb global_colors_info=\u00bb{}\u00bb]<\/p>\n<h1>Our<br \/>offices<\/h1>\n<p>[\/et_pb_text][et_pb_blurb image=\u00bbhttps:\/\/reinickeostria.com\/wp-content\/uploads\/2023\/04\/icon-view-more.png\u00bb icon_placement=\u00bbleft\u00bb content_max_width=\u00bb100%\u00bb _builder_version=\u00bb4.17.4&#8243; _module_preset=\u00bbdefault\u00bb body_font=\u00bbSuisseNEW||||||||\u00bb body_font_size=\u00bb25px\u00bb body_line_height=\u00bb0.3em\u00bb custom_padding=\u00bb30px||||false|false\u00bb body_font_size_tablet=\u00bb25px\u00bb body_font_size_phone=\u00bb20px\u00bb body_font_size_last_edited=\u00bbon|phone\u00bb locked=\u00bboff\u00bb global_colors_info=\u00bb{}\u00bb image_icon_background_color__hover_enabled=\u00bbon|hover\u00bb image_icon_custom_margin__hover_enabled=\u00bboff|hover\u00bb image_icon_custom_margin__hover=\u00bb||||false|false\u00bb image_icon_custom_padding__hover_enabled=\u00bboff|hover\u00bb image_icon_custom_padding__hover=\u00bb||||false|false\u00bb custom_padding__hover_enabled=\u00bbon|hover\u00bb custom_padding__hover=\u00bb|||25px|false|false\u00bb]<\/p>\n<p>Visit us<\/p>\n<p>[\/et_pb_blurb][\/et_pb_column][\/et_pb_row][\/et_pb_section][et_pb_section fb_built=\u00bb1&#8243; _builder_version=\u00bb4.20.4&#8243; _module_preset=\u00bbdefault\u00bb global_colors_info=\u00bb{}\u00bb][et_pb_row column_structure=\u00bb1_2,1_2&#8243; use_custom_gutter=\u00bbon\u00bb gutter_width=\u00bb2&#8243; _builder_version=\u00bb4.20.4&#8243; _module_preset=\u00bbdefault\u00bb global_colors_info=\u00bb{}\u00bb][et_pb_column type=\u00bb1_2&#8243; _builder_version=\u00bb4.20.4&#8243; _module_preset=\u00bbdefault\u00bb global_colors_info=\u00bb{}\u00bb][et_pb_image src=\u00bbhttps:\/\/reinickeostria.com\/wp-content\/uploads\/2023\/04\/icon-map.jpg\u00bb title_text=\u00bbicon-map\u00bb _builder_version=\u00bb4.20.4&#8243; _module_preset=\u00bbdefault\u00bb custom_padding=\u00bb|||10%|false|false\u00bb custom_padding_tablet=\u00bb|||10%|false|false\u00bb custom_padding_phone=\u00bb|||0%|false|false\u00bb custom_padding_last_edited=\u00bbon|phone\u00bb global_colors_info=\u00bb{}\u00bb][\/et_pb_image][et_pb_text _builder_version=\u00bb4.20.4&#8243; _module_preset=\u00bbdefault\u00bb header_3_font=\u00bbAdieuBold|||on|||||\u00bb header_3_text_color=\u00bb#1a1732&#8243; header_3_font_size=\u00bb30px\u00bb header_3_line_height=\u00bb1.2em\u00bb custom_margin=\u00bb||||false|false\u00bb custom_padding=\u00bb|||10%|false|false\u00bb custom_padding_tablet=\u00bb|||10%|false|false\u00bb custom_padding_phone=\u00bb|||0%|false|false\u00bb custom_padding_last_edited=\u00bbon|phone\u00bb global_colors_info=\u00bb{}\u00bb]<\/p>\n<h3>Office<br \/>Cochabamba<\/h3>\n<p>[\/et_pb_text][et_pb_text _builder_version=\u00bb4.20.4&#8243; _module_preset=\u00bbdefault\u00bb header_4_font=\u00bbCampton|||on|||||\u00bb header_4_text_color=\u00bb#e22127&#8243; header_4_letter_spacing=\u00bb5px\u00bb custom_padding=\u00bb|||10%|false|false\u00bb custom_padding_tablet=\u00bb|||10%|false|false\u00bb custom_padding_phone=\u00bb|||0%|false|false\u00bb custom_padding_last_edited=\u00bbon|phone\u00bb link_option_url=\u00bbhttps:\/\/www.google.com\/maps\/place\/Reinicke+Ostria+-+Estudio+de+Abogados\/@-17.385918,-66.154484,16z\/data=!4m5!3m4!1s0x0:0xbc378fd602db3ca9!8m2!3d-17.385918!4d-66.1544838?hl=es-ES\u00bb link_option_url_new_window=\u00bbon\u00bb global_colors_info=\u00bb{}\u00bb]<\/p>\n<h4>To see address<\/h4>\n<p>[\/et_pb_text][et_pb_text _builder_version=\u00bb4.17.4&#8243; _module_preset=\u00bbdefault\u00bb text_font=\u00bbSuisseNEW||||||||\u00bb text_text_color=\u00bb#1a1732&#8243; text_font_size=\u00bb18px\u00bb background_enable_color=\u00bboff\u00bb height=\u00bb130px\u00bb height_tablet=\u00bb130px\u00bb height_phone=\u00bb130px\u00bb height_last_edited=\u00bbon|phone\u00bb custom_padding=\u00bb|||10%|false|false\u00bb custom_padding_tablet=\u00bb|||10%|false|false\u00bb custom_padding_phone=\u00bb|||0%|false|false\u00bb custom_padding_last_edited=\u00bbon|phone\u00bb global_colors_info=\u00bb{}\u00bb]<\/p>\n<p>Av Uyuni Corner Passage Misael Saracho,<br \/>Building Reinicke, Ground Floor<br \/>(591) 4-4520477<\/p>\n<p>[\/et_pb_text][et_pb_code _builder_version=\u00bb4.20.4&#8243; _module_preset=\u00bbdefault\u00bb global_colors_info=\u00bb{}\u00bb]<iframe src=\"https:\/\/www.google.com\/maps\/embed?pb=!1m14!1m8!1m3!1d7615.07734223132!2d-66.154484!3d-17.385918!3m2!1i1024!2i768!4f13.1!3m3!1m2!1s0x93e37408bbe85053%3A0xbc378fd602db3ca9!2sReinicke%20Ostria%20-%20Estudio%20de%20Abogados%20S.R.L.!5e0!3m2!1ses!2sbo!4v1681870368656!5m2!1ses!2sbo\" width=\"600\" height=\"450\" style=\"border:0;\" allowfullscreen=\"\" loading=\"lazy\" referrerpolicy=\"no-referrer-when-downgrade\"><\/iframe>[\/et_pb_code][\/et_pb_column][et_pb_column type=\u00bb1_2&#8243; _builder_version=\u00bb4.20.4&#8243; _module_preset=\u00bbdefault\u00bb global_colors_info=\u00bb{}\u00bb][et_pb_image src=\u00bbhttps:\/\/reinickeostria.com\/wp-content\/uploads\/2023\/04\/icon-map.jpg\u00bb title_text=\u00bbicon-map\u00bb _builder_version=\u00bb4.20.4&#8243; _module_preset=\u00bbdefault\u00bb custom_padding=\u00bb|||10%|false|false\u00bb custom_padding_tablet=\u00bb|||10%|false|false\u00bb custom_padding_phone=\u00bb|||0%|false|false\u00bb custom_padding_last_edited=\u00bbon|phone\u00bb global_colors_info=\u00bb{}\u00bb][\/et_pb_image][et_pb_text _builder_version=\u00bb4.20.4&#8243; _module_preset=\u00bbdefault\u00bb header_3_font=\u00bbAdieuBold|||on|||||\u00bb header_3_text_color=\u00bb#1a1732&#8243; header_3_font_size=\u00bb30px\u00bb header_3_line_height=\u00bb1.2em\u00bb custom_margin=\u00bb||||false|false\u00bb custom_padding=\u00bb|||10%|false|false\u00bb custom_padding_tablet=\u00bb|||10%|false|false\u00bb custom_padding_phone=\u00bb|||0%|false|false\u00bb custom_padding_last_edited=\u00bbon|phone\u00bb global_colors_info=\u00bb{}\u00bb]<\/p>\n<h3>Office<br \/>Santa Cruz<\/h3>\n<p>[\/et_pb_text][et_pb_text _builder_version=\u00bb4.20.4&#8243; _module_preset=\u00bbdefault\u00bb header_4_font=\u00bbCampton|||on|||||\u00bb header_4_text_color=\u00bb#e22127&#8243; header_4_letter_spacing=\u00bb5px\u00bb custom_padding=\u00bb|||10%|false|false\u00bb custom_padding_tablet=\u00bb|||10%|false|false\u00bb custom_padding_phone=\u00bb|||0%|false|false\u00bb custom_padding_last_edited=\u00bbon|phone\u00bb link_option_url=\u00bbhttps:\/\/www.google.com\/maps\/place\/Reinicke+Ostria+-+Estudio+de+Abogados+Santa+Cruz\/@-17.772265,-63.177875,16z\/data=!4m5!3m4!1s0x0:0x15e415a359caf042!8m2!3d-17.7722647!4d-63.1778748?hl=es-ES\u00bb link_option_url_new_window=\u00bbon\u00bb global_colors_info=\u00bb{}\u00bb]<\/p>\n<h4>To see address<\/h4>\n<p>[\/et_pb_text][et_pb_text _builder_version=\u00bb4.17.4&#8243; _module_preset=\u00bbdefault\u00bb text_font=\u00bbSuisseNEW||||||||\u00bb text_text_color=\u00bb#1a1732&#8243; text_font_size=\u00bb18px\u00bb height=\u00bb130px\u00bb height_tablet=\u00bb130px\u00bb height_phone=\u00bb130px\u00bb height_last_edited=\u00bbon|phone\u00bb custom_padding=\u00bb|||10%|false|false\u00bb custom_padding_tablet=\u00bb|||10%|false|false\u00bb custom_padding_phone=\u00bb|||0%|false|false\u00bb custom_padding_last_edited=\u00bbon|phone\u00bb global_colors_info=\u00bb{}\u00bb]<\/p>\n<p>Apple 40 Square Business.<br \/>Avenida San Martin, Calle K, Tower 1, Of. 1109, Equipetrol.<br \/>(591) 3-3888288<\/p>\n<p>[\/et_pb_text][et_pb_code _builder_version=\u00bb4.20.4&#8243; _module_preset=\u00bbdefault\u00bb global_colors_info=\u00bb{}\u00bb]<iframe src=\"https:\/\/www.google.com\/maps\/embed?pb=!1m14!1m8!1m3!1d7598.82650174014!2d-63.177875!3d-17.772265!3m2!1i1024!2i768!4f13.1!3m3!1m2!1s0x93f1e7c7d498dc59%3A0x15e415a359caf042!2sReinicke%20Ostria%20-%20Estudio%20de%20Abogados%20S.R.L.!5e0!3m2!1ses!2sbo!4v1681870614536!5m2!1ses!2sbo\" width=\"600\" height=\"450\" style=\"border:0;\" allowfullscreen=\"\" loading=\"lazy\" referrerpolicy=\"no-referrer-when-downgrade\"><\/iframe>[\/et_pb_code][\/et_pb_column][\/et_pb_row][et_pb_row _builder_version=\u00bb4.21.0&#8243; _module_preset=\u00bbdefault\u00bb global_colors_info=\u00bb{}\u00bb][et_pb_column type=\u00bb4_4&#8243; _builder_version=\u00bb4.21.0&#8243; _module_preset=\u00bbdefault\u00bb global_colors_info=\u00bb{}\u00bb][et_pb_text _builder_version=\u00bb4.21.0&#8243; _module_preset=\u00bbdefault\u00bb header_2_font=\u00bbCampton|||on|||||\u00bb header_2_text_align=\u00bbleft\u00bb header_2_text_color=\u00bb#a09993&#8243; header_2_font_size=\u00bb20px\u00bb header_2_letter_spacing=\u00bb5px\u00bb custom_margin=\u00bb||15px||false|false\u00bb custom_padding=\u00bb||||false|false\u00bb locked=\u00bboff\u00bb global_colors_info=\u00bb{}\u00bb]<\/p>\n<h2>Registration<\/h2>\n<p>[\/et_pb_text][et_pb_text _builder_version=\u00bb4.21.0&#8243; text_font=\u00bb||||||||\u00bb header_font=\u00bb||||||||\u00bb header_2_font=\u00bbAdieuBold|||on|||||\u00bb header_2_text_align=\u00bbleft\u00bb header_2_text_color=\u00bb#1a1732&#8243; header_2_font_size=\u00bb40px\u00bb header_2_line_height=\u00bb1.2em\u00bb max_width=\u00bb800px\u00bb custom_margin=\u00bb||20px|\u00bb custom_padding=\u00bb|||\u00bb custom_padding_tablet=\u00bb0px|10%||70px\u00bb custom_padding_phone=\u00bb0px|10%||50px\u00bb custom_padding_last_edited=\u00bboff|desktop\u00bb header_2_font_size_tablet=\u00bb35px\u00bb header_2_font_size_phone=\u00bb35px\u00bb header_2_font_size_last_edited=\u00bbon|phone\u00bb header_2_line_height_tablet=\u00bb1em\u00bb header_2_line_height_phone=\u00bb1.4em\u00bb header_2_line_height_last_edited=\u00bboff|desktop\u00bb locked=\u00bboff\u00bb global_colors_info=\u00bb{}\u00bb]<\/p>\n<h2>Contact us<\/h2>\n<p>[\/et_pb_text][et_pb_contact_form captcha=\u00bboff\u00bb success_message=\u00bbSu mensaje fue enviado exitosamente.\u00bb submit_button_text=\u00bbEnviar Mensaje\u00bb _builder_version=\u00bb4.21.0&#8243; _module_preset=\u00bbdefault\u00bb _unique_id=\u00bbe2c421cd-48a7-49f3-a1c3-4f1f048e9cb3&#8243; form_field_font=\u00bbSuisseNEW||||||||\u00bb custom_button=\u00bbon\u00bb button_text_color=\u00bb#FFFFFF\u00bb button_bg_color=\u00bb#a09993&#8243; button_border_color=\u00bb#a09993&#8243; button_font=\u00bbCampton||||||||\u00bb button_use_icon=\u00bboff\u00bb hover_enabled=\u00bb0&#8243; global_colors_info=\u00bb{}\u00bb button_bg_color__hover_enabled=\u00bbon|desktop\u00bb button_bg_color__hover=\u00bb#a09993&#8243; email=\u00bbofficial@reinickeostria.com\u00bb custom_message=\u00bbNuevo mensaje desde la p\u00e1gina web de Reinicke Ostria:||et_pb_line_break_holder||Nombre: %%Name%%||et_pb_line_break_holder||E-mail: %%Email%%||et_pb_line_break_holder||Tel\u00e9fono: %%Phone%%||et_pb_line_break_holder||Mensaje: %%Message%%\u00bb sticky_enabled=\u00bb0&#8243; form_field_custom_padding=\u00bb||||false|false\u00bb form_field_line_height=\u00bb25px\u00bb locked=\u00bboff\u00bb][et_pb_contact_field field_id=\u00bbName\u00bb field_title=\u00bbNombre*\u00bb _builder_version=\u00bb4.17.4&#8243; global_colors_info=\u00bb{}\u00bb button_text_size__hover_enabled=\u00bboff\u00bb button_one_text_size__hover_enabled=\u00bboff\u00bb button_two_text_size__hover_enabled=\u00bboff\u00bb button_text_color__hover_enabled=\u00bboff\u00bb button_one_text_color__hover_enabled=\u00bboff\u00bb button_two_text_color__hover_enabled=\u00bboff\u00bb button_border_width__hover_enabled=\u00bboff\u00bb button_one_border_width__hover_enabled=\u00bboff\u00bb button_two_border_width__hover_enabled=\u00bboff\u00bb button_border_color__hover_enabled=\u00bboff\u00bb button_one_border_color__hover_enabled=\u00bboff\u00bb button_two_border_color__hover_enabled=\u00bboff\u00bb button_border_radius__hover_enabled=\u00bboff\u00bb button_one_border_radius__hover_enabled=\u00bboff\u00bb button_two_border_radius__hover_enabled=\u00bboff\u00bb button_letter_spacing__hover_enabled=\u00bboff\u00bb button_one_letter_spacing__hover_enabled=\u00bboff\u00bb button_two_letter_spacing__hover_enabled=\u00bboff\u00bb button_bg_color__hover_enabled=\u00bboff\u00bb button_one_bg_color__hover_enabled=\u00bboff\u00bb button_two_bg_color__hover_enabled=\u00bboff\u00bb][\/et_pb_contact_field][et_pb_contact_field field_id=\u00bbEmail\u00bb field_title=\u00bbE-mail*\u00bb field_type=\u00bbemail\u00bb _builder_version=\u00bb4.17.4&#8243; global_colors_info=\u00bb{}\u00bb button_text_size__hover_enabled=\u00bboff\u00bb button_one_text_size__hover_enabled=\u00bboff\u00bb button_two_text_size__hover_enabled=\u00bboff\u00bb button_text_color__hover_enabled=\u00bboff\u00bb button_one_text_color__hover_enabled=\u00bboff\u00bb button_two_text_color__hover_enabled=\u00bboff\u00bb button_border_width__hover_enabled=\u00bboff\u00bb button_one_border_width__hover_enabled=\u00bboff\u00bb button_two_border_width__hover_enabled=\u00bboff\u00bb button_border_color__hover_enabled=\u00bboff\u00bb button_one_border_color__hover_enabled=\u00bboff\u00bb button_two_border_color__hover_enabled=\u00bboff\u00bb button_border_radius__hover_enabled=\u00bboff\u00bb button_one_border_radius__hover_enabled=\u00bboff\u00bb button_two_border_radius__hover_enabled=\u00bboff\u00bb button_letter_spacing__hover_enabled=\u00bboff\u00bb button_one_letter_spacing__hover_enabled=\u00bboff\u00bb button_two_letter_spacing__hover_enabled=\u00bboff\u00bb button_bg_color__hover_enabled=\u00bboff\u00bb button_one_bg_color__hover_enabled=\u00bboff\u00bb button_two_bg_color__hover_enabled=\u00bboff\u00bb][\/et_pb_contact_field][et_pb_contact_field field_id=\u00bbPhone\u00bb field_title=\u00bbTel\u00e9fono \u00bb required_mark=\u00bboff\u00bb fullwidth_field=\u00bbon\u00bb _builder_version=\u00bb4.17.4&#8243; _module_preset=\u00bbdefault\u00bb global_colors_info=\u00bb{}\u00bb][\/et_pb_contact_field][et_pb_contact_field field_id=\u00bbMessage\u00bb field_title=\u00bbMensaje*\u00bb field_type=\u00bbtext\u00bb fullwidth_field=\u00bbon\u00bb _builder_version=\u00bb4.17.4&#8243; global_colors_info=\u00bb{}\u00bb button_text_size__hover_enabled=\u00bboff\u00bb button_one_text_size__hover_enabled=\u00bboff\u00bb button_two_text_size__hover_enabled=\u00bboff\u00bb button_text_color__hover_enabled=\u00bboff\u00bb button_one_text_color__hover_enabled=\u00bboff\u00bb button_two_text_color__hover_enabled=\u00bboff\u00bb button_border_width__hover_enabled=\u00bboff\u00bb button_one_border_width__hover_enabled=\u00bboff\u00bb button_two_border_width__hover_enabled=\u00bboff\u00bb button_border_color__hover_enabled=\u00bboff\u00bb button_one_border_color__hover_enabled=\u00bboff\u00bb button_two_border_color__hover_enabled=\u00bboff\u00bb button_border_radius__hover_enabled=\u00bboff\u00bb button_one_border_radius__hover_enabled=\u00bboff\u00bb button_two_border_radius__hover_enabled=\u00bboff\u00bb button_letter_spacing__hover_enabled=\u00bboff\u00bb button_one_letter_spacing__hover_enabled=\u00bboff\u00bb button_two_letter_spacing__hover_enabled=\u00bboff\u00bb button_bg_color__hover_enabled=\u00bboff\u00bb button_one_bg_color__hover_enabled=\u00bboff\u00bb button_two_bg_color__hover_enabled=\u00bboff\u00bb][\/et_pb_contact_field][\/et_pb_contact_form][\/et_pb_column][\/et_pb_row][\/et_pb_section]<\/p>","protected":false},"excerpt":{"rendered":"<p>NuestrasNuestrasoficinasVis\u00edtanosOficinaCochabambaVer direcci\u00f3nAv. Uyuni Esquina Pasaje Misael Saracho,Edificio Reinicke, Planta Baja(591) 4-4520477OficinaSanta CruzVer direcci\u00f3nManzana 40 Plaza Empresarial.Av. San Martin, Calle K, Torre 1, Of. 1109, Equipetrol.(591) 3-3888288RegistroEscr\u00edbenos<\/p>","protected":false},"author":1,"featured_media":0,"parent":0,"menu_order":0,"comment_status":"closed","ping_status":"closed","template":"","meta":{"_et_pb_use_builder":"on","_et_pb_old_content":"<!-- wp:divi\/placeholder \/-->","_et_gb_content_width":"","footnotes":""},"wf_page_folders":[9],"class_list":["post-112217","page","type-page","status-publish","hentry"],"_links":{"self":[{"href":"https:\/\/reinickeostria.com\/en\/wp-json\/wp\/v2\/pages\/112217","targetHints":{"allow":["GET"]}}],"collection":[{"href":"https:\/\/reinickeostria.com\/en\/wp-json\/wp\/v2\/pages"}],"about":[{"href":"https:\/\/reinickeostria.com\/en\/wp-json\/wp\/v2\/types\/page"}],"author":[{"embeddable":true,"href":"https:\/\/reinickeostria.com\/en\/wp-json\/wp\/v2\/users\/1"}],"replies":[{"embeddable":true,"href":"https:\/\/reinickeostria.com\/en\/wp-json\/wp\/v2\/comments?post=112217"}],"version-history":[{"count":27,"href":"https:\/\/reinickeostria.com\/en\/wp-json\/wp\/v2\/pages\/112217\/revisions"}],"predecessor-version":[{"id":113264,"href":"https:\/\/reinickeostria.com\/en\/wp-json\/wp\/v2\/pages\/112217\/revisions\/113264"}],"wp:attachment":[{"href":"https:\/\/reinickeostria.com\/en\/wp-json\/wp\/v2\/media?parent=112217"}],"wp:term":[{"taxonomy":"wf_page_folders","embeddable":true,"href":"https:\/\/reinickeostria.com\/en\/wp-json\/wp\/v2\/wf_page_folders?post=112217"}],"curies":[{"name":"wp","href":"https:\/\/api.w.org\/{rel}","templated":true}]}}