{"id":112869,"date":"2023-04-25T02:23:30","date_gmt":"2023-04-25T02:23:30","guid":{"rendered":"https:\/\/reinickeostria.com\/?page_id=112869"},"modified":"2023-05-22T18:35:24","modified_gmt":"2023-05-22T22:35:24","slug":"entidades-no-lucrativas","status":"publish","type":"page","link":"https:\/\/reinickeostria.com\/en\/entidades-no-lucrativas\/","title":{"rendered":"Nonprofits"},"content":{"rendered":"<p>[et_pb_section fb_built=\u00bb1&#8243; disabled_on=\u00bboff|off|off\u00bb admin_label=\u00bbHeader Section\u00bb _builder_version=\u00bb4.20.4&#8243; background_image=\u00bbhttps:\/\/reinickeostria.com\/wp-content\/uploads\/2023\/04\/slide-contact.jpg\u00bb custom_margin=\u00bb|||\u00bb custom_padding=\u00bb12vw|0px|12vw|0px|true|false\u00bb bottom_divider_color=\u00bbrgba(5,41,66,0.3)\u00bb bottom_divider_height=\u00bb50%\u00bb animation_style=\u00bbslide\u00bb animation_direction=\u00bbtop\u00bb animation_intensity_slide=\u00bb4%\u00bb animation_starting_opacity=\u00bb100%\u00bb locked=\u00bboff\u00bb global_colors_info=\u00bb{}\u00bb][et_pb_row disabled_on=\u00bboff|off|off\u00bb admin_label=\u00bbHeader Row\u00bb module_class=\u00bb et_pb_row_fullwidth\u00bb _builder_version=\u00bb4.20.4&#8243; width=\u00bb89%\u00bb width_tablet=\u00bb80%\u00bb width_phone=\u00bb80%\u00bb width_last_edited=\u00bbon|desktop\u00bb max_width=\u00bb89%\u00bb max_width_tablet=\u00bb80%\u00bb max_width_phone=\u00bb80%\u00bb max_width_last_edited=\u00bbon|desktop\u00bb custom_padding=\u00bb|||\u00bb animation_style=\u00bbzoom\u00bb animation_intensity_zoom=\u00bb8%\u00bb make_fullwidth=\u00bbon\u00bb global_colors_info=\u00bb{}\u00bb][et_pb_column type=\u00bb4_4&#8243; _builder_version=\u00bb4.16&#8243; custom_padding=\u00bb|||\u00bb global_colors_info=\u00bb{}\u00bb custom_padding__hover=\u00bb|||\u00bb][et_pb_text admin_label=\u00bbPage Heading &#038; Subhead\u00bb _builder_version=\u00bb4.17.4&#8243; text_font=\u00bbMontserrat||||||||\u00bb text_font_size=\u00bb22px\u00bb text_line_height=\u00bb1.8em\u00bb header_font=\u00bbMontserrat|600||on|||||\u00bb header_text_align=\u00bbcenter\u00bb header_font_size=\u00bb8vw\u00bb header_line_height=\u00bb1.5em\u00bb header_2_font=\u00bbCampton|||on|||||\u00bb header_2_text_align=\u00bbleft\u00bb header_2_text_color=\u00bb#928d89&#8243; header_2_letter_spacing=\u00bb5px\u00bb text_orientation=\u00bbcenter\u00bb background_layout=\u00bbdark\u00bb custom_margin=\u00bb|||\u00bb custom_padding_tablet=\u00bb\u00bb custom_padding_phone=\u00bb60px||||false|false\u00bb custom_padding_last_edited=\u00bbon|phone\u00bb header_font_size_tablet=\u00bb50px\u00bb header_font_size_phone=\u00bb\u00bb header_font_size_last_edited=\u00bbon|desktop\u00bb header_line_height_tablet=\u00bb1.1em\u00bb header_line_height_phone=\u00bb1.2em\u00bb header_line_height_last_edited=\u00bboff|desktop\u00bb header_2_font_size_tablet=\u00bb\u00bb header_2_font_size_phone=\u00bb20px\u00bb header_2_font_size_last_edited=\u00bbon|phone\u00bb global_colors_info=\u00bb{}\u00bb]<\/p>\n<h2>Areas of practice<\/h2>\n<p>[\/et_pb_text][et_pb_text admin_label=\u00bbPage Heading &#038; Subhead\u00bb _builder_version=\u00bb4.21.0&#8243; text_font=\u00bbMontserrat||||||||\u00bb text_font_size=\u00bb22px\u00bb text_line_height=\u00bb1.8em\u00bb header_font=\u00bbAdieuBold|600||on|||||\u00bb header_text_align=\u00bbleft\u00bb header_font_size=\u00bb4vw\u00bb header_line_height=\u00bb1.2em\u00bb text_orientation=\u00bbcenter\u00bb background_layout=\u00bbdark\u00bb custom_margin=\u00bb|||\u00bb hover_enabled=\u00bb0&#8243; header_font_size_tablet=\u00bb50px\u00bb header_font_size_phone=\u00bb30px\u00bb header_font_size_last_edited=\u00bbon|desktop\u00bb header_line_height_tablet=\u00bb1.1em\u00bb header_line_height_phone=\u00bb1.2em\u00bb header_line_height_last_edited=\u00bboff|desktop\u00bb global_colors_info=\u00bb{}\u00bb width=\u00bb45%\u00bb sticky_enabled=\u00bb0&#8243;]<\/p>\n<h1>Nonprofits<\/h1>\n<p>[\/et_pb_text][et_pb_text _builder_version=\u00bb4.17.4&#8243; _module_preset=\u00bbdefault\u00bb text_font=\u00bbSuisseNEW||||||||\u00bb text_text_color=\u00bb#FFFFFF\u00bb text_font_size=\u00bb16px\u00bb text_line_height=\u00bb1.8em\u00bb text_orientation=\u00bbjustified\u00bb text_orientation_tablet=\u00bbjustified\u00bb text_orientation_phone=\u00bbleft\u00bb text_orientation_last_edited=\u00bbon|phone\u00bb global_colors_info=\u00bb{}\u00bb]Con la practicas multidisciplinarias de la Firma, asesoramos a organizaciones exentas de impuestos de todo tipo y tama\u00f1o, incluyendo fundaciones privadas, fundaciones operativas, organizaciones ben\u00e9ficas p\u00fablicas, organizaciones de apoyo, organizaciones \u201camigos de\u201d, fondos de donantes, organizaciones de bienestar social y asociaciones no comerciales.[\/et_pb_text][\/et_pb_column][\/et_pb_row][\/et_pb_section]<\/p>","protected":false},"excerpt":{"rendered":"<p>\u00c1reas de pr\u00e1cticaEntidades no LucrativasCon la practicas multidisciplinarias de la Firma, asesoramos a organizaciones exentas de impuestos de todo tipo y tama\u00f1o, incluyendo fundaciones privadas, fundaciones operativas, organizaciones ben\u00e9ficas p\u00fablicas, organizaciones de apoyo, organizaciones \u201camigos de\u201d, fondos de donantes, organizaciones de bienestar social y asociaciones no comerciales.<\/p>","protected":false},"author":1,"featured_media":0,"parent":0,"menu_order":0,"comment_status":"closed","ping_status":"closed","template":"","meta":{"_et_pb_use_builder":"on","_et_pb_old_content":"","_et_gb_content_width":"","footnotes":""},"wf_page_folders":[8],"class_list":["post-112869","page","type-page","status-publish","hentry"],"_links":{"self":[{"href":"https:\/\/reinickeostria.com\/en\/wp-json\/wp\/v2\/pages\/112869","targetHints":{"allow":["GET"]}}],"collection":[{"href":"https:\/\/reinickeostria.com\/en\/wp-json\/wp\/v2\/pages"}],"about":[{"href":"https:\/\/reinickeostria.com\/en\/wp-json\/wp\/v2\/types\/page"}],"author":[{"embeddable":true,"href":"https:\/\/reinickeostria.com\/en\/wp-json\/wp\/v2\/users\/1"}],"replies":[{"embeddable":true,"href":"https:\/\/reinickeostria.com\/en\/wp-json\/wp\/v2\/comments?post=112869"}],"version-history":[{"count":3,"href":"https:\/\/reinickeostria.com\/en\/wp-json\/wp\/v2\/pages\/112869\/revisions"}],"predecessor-version":[{"id":113210,"href":"https:\/\/reinickeostria.com\/en\/wp-json\/wp\/v2\/pages\/112869\/revisions\/113210"}],"wp:attachment":[{"href":"https:\/\/reinickeostria.com\/en\/wp-json\/wp\/v2\/media?parent=112869"}],"wp:term":[{"taxonomy":"wf_page_folders","embeddable":true,"href":"https:\/\/reinickeostria.com\/en\/wp-json\/wp\/v2\/wf_page_folders?post=112869"}],"curies":[{"name":"wp","href":"https:\/\/api.w.org\/{rel}","templated":true}]}}